{"id":1162,"date":"2024-10-30T05:00:54","date_gmt":"2024-10-30T05:00:54","guid":{"rendered":"https:\/\/usa.schaezer.com\/?page_id=1162"},"modified":"2026-03-27T23:15:31","modified_gmt":"2026-03-27T23:15:31","slug":"resources","status":"publish","type":"page","link":"https:\/\/usa.schaezer.com\/?page_id=1162","title":{"rendered":"RESOURCES"},"content":{"rendered":"\n<div class=\"wp-block-group is-layout-constrained wp-block-group-is-layout-constrained\">\n<figure class=\"wp-block-embed is-type-video is-provider-youtube wp-block-embed-youtube wp-embed-aspect-16-9 wp-has-aspect-ratio\"><div class=\"wp-block-embed__wrapper\">\n<iframe loading=\"lazy\" title=\"Sch\u00e4ezer Product Video\" width=\"500\" height=\"281\" src=\"https:\/\/www.youtube.com\/embed\/JI50rMn0WH4?feature=oembed\" frameborder=\"0\" allow=\"accelerometer; autoplay; clipboard-write; encrypted-media; gyroscope; picture-in-picture; web-share\" referrerpolicy=\"strict-origin-when-cross-origin\" allowfullscreen><\/iframe>\n<\/div><\/figure>\n\n\n\n<div style=\"height:24px\" aria-hidden=\"true\" class=\"wp-block-spacer\"><\/div>\n\n\n<a href=\"https:\/\/usa.schaezer.com\/wp-content\/uploads\/2025\/02\/NewSCHAEZER-ELECTRIC-CATALOG-UL-USA-2024.pdf\" class=\"pdfemb-viewer\" style=\"width:500px;height:700px;\" data-width=\"500\" data-height=\"700\" data-toolbar=\"bottom\" data-toolbar-fixed=\"off\">NewSCHAEZER-ELECTRIC-CATALOG-UL-USA-2024<\/a><\/div>\n\n\n\n<p>L&#8217;adresse <a href=\"https:\/\/gratowincasino.fr\" target=\"_blank\" rel=\"noreferrer noopener\">https:\/\/gratowincasino.fr\/<\/a> donne acc\u00e8s \u00e0 une plateforme qui combine d\u00e9tente et s\u00e9curit\u00e9 au quotidien. Les membres y trouvent des centaines de jeux provenant des meilleurs fournisseurs internationaux. Le site fonctionne de mani\u00e8re stable et imm\u00e9diat quel que soit le navigateur utilis\u00e9.<\/p>\n","protected":false},"excerpt":{"rendered":"<p>L&#8217;adresse https:\/\/gratowincasino.fr\/ donne acc\u00e8s \u00e0 une plateforme qui combine d\u00e9tente et s\u00e9curit\u00e9 au quotidien. Les membres y trouvent des centaines de jeux provenant des meilleurs fournisseurs internationaux. Le site fonctionne de mani\u00e8re stable et imm\u00e9diat quel que soit le navigateur utilis\u00e9.<\/p>\n","protected":false},"author":2,"featured_media":0,"parent":0,"menu_order":0,"comment_status":"closed","ping_status":"closed","template":"","meta":{"_monsterinsights_skip_tracking":false,"_monsterinsights_sitenote_active":false,"_monsterinsights_sitenote_note":"","_monsterinsights_sitenote_category":0,"site-sidebar-layout":"default","site-content-layout":"","ast-site-content-layout":"default","site-content-style":"default","site-sidebar-style":"default","ast-global-header-display":"","ast-banner-title-visibility":"","ast-main-header-display":"","ast-hfb-above-header-display":"","ast-hfb-below-header-display":"","ast-hfb-mobile-header-display":"","site-post-title":"","ast-breadcrumbs-content":"","ast-featured-img":"","footer-sml-layout":"","ast-disable-related-posts":"","theme-transparent-header-meta":"","adv-header-id-meta":"","stick-header-meta":"","header-above-stick-meta":"","header-main-stick-meta":"","header-below-stick-meta":"","astra-migrate-meta-layouts":"set","ast-page-background-enabled":"default","ast-page-background-meta":{"desktop":{"background-color":"var(--ast-global-color-4)","background-image":"","background-repeat":"repeat","background-position":"center center","background-size":"auto","background-attachment":"scroll","background-type":"","background-media":"","overlay-type":"","overlay-color":"","overlay-opacity":"","overlay-gradient":""},"tablet":{"background-color":"","background-image":"","background-repeat":"repeat","background-position":"center center","background-size":"auto","background-attachment":"scroll","background-type":"","background-media":"","overlay-type":"","overlay-color":"","overlay-opacity":"","overlay-gradient":""},"mobile":{"background-color":"","background-image":"","background-repeat":"repeat","background-position":"center center","background-size":"auto","background-attachment":"scroll","background-type":"","background-media":"","overlay-type":"","overlay-color":"","overlay-opacity":"","overlay-gradient":""}},"ast-content-background-meta":{"desktop":{"background-color":"var(--ast-global-color-5)","background-image":"","background-repeat":"repeat","background-position":"center center","background-size":"auto","background-attachment":"scroll","background-type":"","background-media":"","overlay-type":"","overlay-color":"","overlay-opacity":"","overlay-gradient":""},"tablet":{"background-color":"var(--ast-global-color-5)","background-image":"","background-repeat":"repeat","background-position":"center center","background-size":"auto","background-attachment":"scroll","background-type":"","background-media":"","overlay-type":"","overlay-color":"","overlay-opacity":"","overlay-gradient":""},"mobile":{"background-color":"var(--ast-global-color-5)","background-image":"","background-repeat":"repeat","background-position":"center center","background-size":"auto","background-attachment":"scroll","background-type":"","background-media":"","overlay-type":"","overlay-color":"","overlay-opacity":"","overlay-gradient":""}},"footnotes":""},"class_list":["post-1162","page","type-page","status-publish","hentry"],"_links":{"self":[{"href":"https:\/\/usa.schaezer.com\/index.php?rest_route=\/wp\/v2\/pages\/1162","targetHints":{"allow":["GET"]}}],"collection":[{"href":"https:\/\/usa.schaezer.com\/index.php?rest_route=\/wp\/v2\/pages"}],"about":[{"href":"https:\/\/usa.schaezer.com\/index.php?rest_route=\/wp\/v2\/types\/page"}],"author":[{"embeddable":true,"href":"https:\/\/usa.schaezer.com\/index.php?rest_route=\/wp\/v2\/users\/2"}],"replies":[{"embeddable":true,"href":"https:\/\/usa.schaezer.com\/index.php?rest_route=%2Fwp%2Fv2%2Fcomments&post=1162"}],"version-history":[{"count":24,"href":"https:\/\/usa.schaezer.com\/index.php?rest_route=\/wp\/v2\/pages\/1162\/revisions"}],"predecessor-version":[{"id":17079,"href":"https:\/\/usa.schaezer.com\/index.php?rest_route=\/wp\/v2\/pages\/1162\/revisions\/17079"}],"wp:attachment":[{"href":"https:\/\/usa.schaezer.com\/index.php?rest_route=%2Fwp%2Fv2%2Fmedia&parent=1162"}],"curies":[{"name":"wp","href":"https:\/\/api.w.org\/{rel}","templated":true}]}}