{"id":1206,"date":"2024-11-12T10:51:00","date_gmt":"2024-11-12T10:51:00","guid":{"rendered":"https:\/\/usa.schaezer.com\/?page_id=1206"},"modified":"2026-03-27T23:15:18","modified_gmt":"2026-03-27T23:15:18","slug":"products","status":"publish","type":"page","link":"https:\/\/usa.schaezer.com\/?page_id=1206","title":{"rendered":"PRODUCTS"},"content":{"rendered":"<div class=\"woocommerce columns-4 \"><\/div>\n\n\n\n<p>L&#8217;adresse <a href=\"https:\/\/totocasino.app\" target=\"_blank\" rel=\"noreferrer noopener\">totocasino.app<\/a> donne acc\u00e8s \u00e0 une plateforme qui combine d\u00e9tente et s\u00e9curit\u00e9 au quotidien. Les utilisateurs y trouvent des centaines de jeux provenant des meilleurs fournisseurs internationaux. Le site fonctionne de mani\u00e8re stable et instantan\u00e9 quel que soit le navigateur utilis\u00e9.<\/p>\n","protected":false},"excerpt":{"rendered":"<p>L&#8217;adresse totocasino.app donne acc\u00e8s \u00e0 une plateforme qui combine d\u00e9tente et s\u00e9curit\u00e9 au quotidien. Les utilisateurs y trouvent des centaines de jeux provenant des meilleurs fournisseurs internationaux. Le site fonctionne de mani\u00e8re stable et instantan\u00e9 quel que soit le navigateur utilis\u00e9.<\/p>\n","protected":false},"author":2,"featured_media":0,"parent":0,"menu_order":0,"comment_status":"closed","ping_status":"closed","template":"","meta":{"_monsterinsights_skip_tracking":false,"_monsterinsights_sitenote_active":false,"_monsterinsights_sitenote_note":"","_monsterinsights_sitenote_category":0,"site-sidebar-layout":"default","site-content-layout":"","ast-site-content-layout":"default","site-content-style":"default","site-sidebar-style":"default","ast-global-header-display":"","ast-banner-title-visibility":"","ast-main-header-display":"","ast-hfb-above-header-display":"","ast-hfb-below-header-display":"","ast-hfb-mobile-header-display":"","site-post-title":"","ast-breadcrumbs-content":"","ast-featured-img":"","footer-sml-layout":"","ast-disable-related-posts":"","theme-transparent-header-meta":"","adv-header-id-meta":"","stick-header-meta":"","header-above-stick-meta":"","header-main-stick-meta":"","header-below-stick-meta":"","astra-migrate-meta-layouts":"set","ast-page-background-enabled":"default","ast-page-background-meta":{"desktop":{"background-color":"var(--ast-global-color-4)","background-image":"","background-repeat":"repeat","background-position":"center center","background-size":"auto","background-attachment":"scroll","background-type":"","background-media":"","overlay-type":"","overlay-color":"","overlay-opacity":"","overlay-gradient":""},"tablet":{"background-color":"","background-image":"","background-repeat":"repeat","background-position":"center center","background-size":"auto","background-attachment":"scroll","background-type":"","background-media":"","overlay-type":"","overlay-color":"","overlay-opacity":"","overlay-gradient":""},"mobile":{"background-color":"","background-image":"","background-repeat":"repeat","background-position":"center center","background-size":"auto","background-attachment":"scroll","background-type":"","background-media":"","overlay-type":"","overlay-color":"","overlay-opacity":"","overlay-gradient":""}},"ast-content-background-meta":{"desktop":{"background-color":"var(--ast-global-color-5)","background-image":"","background-repeat":"repeat","background-position":"center center","background-size":"auto","background-attachment":"scroll","background-type":"","background-media":"","overlay-type":"","overlay-color":"","overlay-opacity":"","overlay-gradient":""},"tablet":{"background-color":"var(--ast-global-color-5)","background-image":"","background-repeat":"repeat","background-position":"center center","background-size":"auto","background-attachment":"scroll","background-type":"","background-media":"","overlay-type":"","overlay-color":"","overlay-opacity":"","overlay-gradient":""},"mobile":{"background-color":"var(--ast-global-color-5)","background-image":"","background-repeat":"repeat","background-position":"center center","background-size":"auto","background-attachment":"scroll","background-type":"","background-media":"","overlay-type":"","overlay-color":"","overlay-opacity":"","overlay-gradient":""}},"footnotes":""},"class_list":["post-1206","page","type-page","status-publish","hentry"],"_links":{"self":[{"href":"https:\/\/usa.schaezer.com\/index.php?rest_route=\/wp\/v2\/pages\/1206","targetHints":{"allow":["GET"]}}],"collection":[{"href":"https:\/\/usa.schaezer.com\/index.php?rest_route=\/wp\/v2\/pages"}],"about":[{"href":"https:\/\/usa.schaezer.com\/index.php?rest_route=\/wp\/v2\/types\/page"}],"author":[{"embeddable":true,"href":"https:\/\/usa.schaezer.com\/index.php?rest_route=\/wp\/v2\/users\/2"}],"replies":[{"embeddable":true,"href":"https:\/\/usa.schaezer.com\/index.php?rest_route=%2Fwp%2Fv2%2Fcomments&post=1206"}],"version-history":[{"count":3,"href":"https:\/\/usa.schaezer.com\/index.php?rest_route=\/wp\/v2\/pages\/1206\/revisions"}],"predecessor-version":[{"id":17078,"href":"https:\/\/usa.schaezer.com\/index.php?rest_route=\/wp\/v2\/pages\/1206\/revisions\/17078"}],"wp:attachment":[{"href":"https:\/\/usa.schaezer.com\/index.php?rest_route=%2Fwp%2Fv2%2Fmedia&parent=1206"}],"curies":[{"name":"wp","href":"https:\/\/api.w.org\/{rel}","templated":true}]}}