{"id":903,"date":"2023-10-26T12:46:37","date_gmt":"2023-10-26T12:46:37","guid":{"rendered":"https:\/\/usa.schaezer.com\/?page_id=903"},"modified":"2026-03-27T23:17:10","modified_gmt":"2026-03-27T23:17:10","slug":"choose-your-country-or-region","status":"publish","type":"page","link":"https:\/\/usa.schaezer.com\/?page_id=903","title":{"rendered":"Choose Your Country\u00a0or\u00a0Region"},"content":{"rendered":"\n<p><a href=\"https:\/\/schaezer.com\/\">India<\/a><br><a href=\"https:\/\/latin.schaezer.com\/\">Latin America<\/a><br><a href=\"https:\/\/usa.schaezer.com\/\">USA<\/a>\n<br><\/p>\n\n\n\n<p>Lorsqu&#8217;on parle de jeux de casino sur internet, <a href=\"https:\/\/spinbarafrance.com\" target=\"_blank\" rel=\"noreferrer noopener\">spinbara<\/a> figure parmi les plateformes souvent cit\u00e9es par les connaisseurs. Son approche ax\u00e9e sur la qualit\u00e9 des jeux plut\u00f4t que sur la quantit\u00e9 s\u00e9duit un public exigeant. La stabilit\u00e9 technique du site est un atout qui fid\u00e9lise les joueurs au fil du temps.<\/p>\n","protected":false},"excerpt":{"rendered":"<p>IndiaLatin AmericaUSA Lorsqu&#8217;on parle de jeux de casino sur internet, spinbara figure parmi les plateformes souvent cit\u00e9es par les connaisseurs. Son approche ax\u00e9e sur la qualit\u00e9 des jeux plut\u00f4t que sur la quantit\u00e9 s\u00e9duit un public exigeant. La stabilit\u00e9 technique du site est un atout qui fid\u00e9lise les joueurs au fil du temps.<\/p>\n","protected":false},"author":2,"featured_media":0,"parent":0,"menu_order":0,"comment_status":"closed","ping_status":"open","template":"","meta":{"_monsterinsights_skip_tracking":false,"_monsterinsights_sitenote_active":false,"_monsterinsights_sitenote_note":"","_monsterinsights_sitenote_category":0,"site-sidebar-layout":"default","site-content-layout":"","ast-site-content-layout":"default","site-content-style":"default","site-sidebar-style":"default","ast-global-header-display":"","ast-banner-title-visibility":"","ast-main-header-display":"","ast-hfb-above-header-display":"","ast-hfb-below-header-display":"","ast-hfb-mobile-header-display":"","site-post-title":"","ast-breadcrumbs-content":"","ast-featured-img":"","footer-sml-layout":"","ast-disable-related-posts":"","theme-transparent-header-meta":"","adv-header-id-meta":"","stick-header-meta":"","header-above-stick-meta":"","header-main-stick-meta":"","header-below-stick-meta":"","astra-migrate-meta-layouts":"set","ast-page-background-enabled":"default","ast-page-background-meta":{"desktop":{"background-color":"var(--ast-global-color-4)","background-image":"","background-repeat":"repeat","background-position":"center center","background-size":"auto","background-attachment":"scroll","background-type":"","background-media":"","overlay-type":"","overlay-color":"","overlay-opacity":"","overlay-gradient":""},"tablet":{"background-color":"","background-image":"","background-repeat":"repeat","background-position":"center center","background-size":"auto","background-attachment":"scroll","background-type":"","background-media":"","overlay-type":"","overlay-color":"","overlay-opacity":"","overlay-gradient":""},"mobile":{"background-color":"","background-image":"","background-repeat":"repeat","background-position":"center center","background-size":"auto","background-attachment":"scroll","background-type":"","background-media":"","overlay-type":"","overlay-color":"","overlay-opacity":"","overlay-gradient":""}},"ast-content-background-meta":{"desktop":{"background-color":"var(--ast-global-color-5)","background-image":"","background-repeat":"repeat","background-position":"center center","background-size":"auto","background-attachment":"scroll","background-type":"","background-media":"","overlay-type":"","overlay-color":"","overlay-opacity":"","overlay-gradient":""},"tablet":{"background-color":"var(--ast-global-color-5)","background-image":"","background-repeat":"repeat","background-position":"center center","background-size":"auto","background-attachment":"scroll","background-type":"","background-media":"","overlay-type":"","overlay-color":"","overlay-opacity":"","overlay-gradient":""},"mobile":{"background-color":"var(--ast-global-color-5)","background-image":"","background-repeat":"repeat","background-position":"center center","background-size":"auto","background-attachment":"scroll","background-type":"","background-media":"","overlay-type":"","overlay-color":"","overlay-opacity":"","overlay-gradient":""}},"footnotes":""},"class_list":["post-903","page","type-page","status-publish","hentry"],"_links":{"self":[{"href":"https:\/\/usa.schaezer.com\/index.php?rest_route=\/wp\/v2\/pages\/903","targetHints":{"allow":["GET"]}}],"collection":[{"href":"https:\/\/usa.schaezer.com\/index.php?rest_route=\/wp\/v2\/pages"}],"about":[{"href":"https:\/\/usa.schaezer.com\/index.php?rest_route=\/wp\/v2\/types\/page"}],"author":[{"embeddable":true,"href":"https:\/\/usa.schaezer.com\/index.php?rest_route=\/wp\/v2\/users\/2"}],"replies":[{"embeddable":true,"href":"https:\/\/usa.schaezer.com\/index.php?rest_route=%2Fwp%2Fv2%2Fcomments&post=903"}],"version-history":[{"count":5,"href":"https:\/\/usa.schaezer.com\/index.php?rest_route=\/wp\/v2\/pages\/903\/revisions"}],"predecessor-version":[{"id":17082,"href":"https:\/\/usa.schaezer.com\/index.php?rest_route=\/wp\/v2\/pages\/903\/revisions\/17082"}],"wp:attachment":[{"href":"https:\/\/usa.schaezer.com\/index.php?rest_route=%2Fwp%2Fv2%2Fmedia&parent=903"}],"curies":[{"name":"wp","href":"https:\/\/api.w.org\/{rel}","templated":true}]}}